{"id":5303,"date":"2020-07-08T07:07:48","date_gmt":"2020-07-08T07:07:48","guid":{"rendered":"https:\/\/demo4.drfuri.com\/farmart\/?page_id=5303"},"modified":"2024-03-07T19:09:46","modified_gmt":"2024-03-07T18:09:46","slug":"privacy-policy","status":"publish","type":"page","link":"https:\/\/xerix.eu\/?page_id=5303","title":{"rendered":"Terms &#038; Conditions"},"content":{"rendered":"\t\t<div data-elementor-type=\"wp-page\" data-elementor-id=\"5303\" class=\"elementor elementor-5303\">\n\t\t\t\t<div class=\"elementor-element elementor-element-d278b7d e-flex e-con-boxed e-con e-parent\" data-id=\"d278b7d\" data-element_type=\"container\">\n\t\t\t\t\t<div class=\"e-con-inner\">\n\t\t\t\t<div class=\"elementor-element elementor-element-0953792 elementor-widget elementor-widget-text-editor\" data-id=\"0953792\" data-element_type=\"widget\" data-widget_type=\"text-editor.default\">\n\t\t\t\t<div class=\"elementor-widget-container\">\n\t\t\t<style>\/*! elementor - v3.23.0 - 05-08-2024 *\/\n.elementor-widget-text-editor.elementor-drop-cap-view-stacked .elementor-drop-cap{background-color:#69727d;color:#fff}.elementor-widget-text-editor.elementor-drop-cap-view-framed .elementor-drop-cap{color:#69727d;border:3px solid;background-color:transparent}.elementor-widget-text-editor:not(.elementor-drop-cap-view-default) .elementor-drop-cap{margin-top:8px}.elementor-widget-text-editor:not(.elementor-drop-cap-view-default) .elementor-drop-cap-letter{width:1em;height:1em}.elementor-widget-text-editor .elementor-drop-cap{float:left;text-align:center;line-height:1;font-size:50px}.elementor-widget-text-editor .elementor-drop-cap-letter{display:inline-block}<\/style>\t\t\t\t<h2 data-sourcepos=\"1:1-1:44\">Terms and Conditions for xerix.eu website<\/h2>\n<p data-sourcepos=\"3:1-3:25\"><strong>1. General Provisions<\/strong><\/p>\n<p data-sourcepos=\"5:1-5:371\">These terms and conditions (hereinafter referred to as the &#8220;T&amp;C&#8221;) govern the legal relationship between the operator of the website xerix.eu (hereinafter referred to as the &#8220;Operator&#8221;) and the buyer (hereinafter referred to as the &#8220;Buyer&#8221;) in connection with the purchase of digital products (hereinafter referred to as the &#8220;Products&#8221;) through the Operator&#8217;s website.<\/p>\n<p data-sourcepos=\"7:1-7:18\"><strong>2. Definitions<\/strong><\/p>\n<ul data-sourcepos=\"9:1-13:0\">\n<li data-sourcepos=\"9:1-9:63\"><strong>Operator:<\/strong>&nbsp;Xerix.eu, \u0160kolsk\u00e1 11, Chorv\u00e1tsky Grob 90125, I\u010cO: 52513483 DI\u010c: 1122641696, luko@xerix.eu<\/li>\n<li data-sourcepos=\"10:1-10:79\"><strong>Buyer:<\/strong>&nbsp;a natural or legal person who purchases Products from the Operator<\/li>\n<li data-sourcepos=\"11:1-11:71\"><strong>Product:<\/strong>&nbsp;a digital product offered by the Operator on the website<\/li>\n<li data-sourcepos=\"12:1-13:0\"><strong>Website:<\/strong>&nbsp;xerix.eu<\/li>\n<\/ul>\n<p data-sourcepos=\"14:1-14:36\"><strong>3. Order and Purchase of Product<\/strong><\/p>\n<ul data-sourcepos=\"16:1-23:0\">\n<li data-sourcepos=\"16:1-16:65\">The Buyer can order the Product through the Operator&#8217;s website.<\/li>\n<li data-sourcepos=\"17:1-17:38\">The order of the Product is binding.<\/li>\n<li data-sourcepos=\"18:1-18:75\">The Operator will confirm the order of the Product to the Buyer by email.<\/li>\n<li data-sourcepos=\"19:1-19:137\">The purchase contract between the Operator and the Buyer is concluded at the moment of delivery of the order confirmation to the Buyer.<\/li>\n<li data-sourcepos=\"20:1-20:89\">The Buyer is obliged to pay for the Product the price stated on the Operator&#8217;s website.<\/li>\n<li data-sourcepos=\"21:1-21:61\">Payment for the Product is possible by PayPal or credit card.<\/li>\n<li data-sourcepos=\"22:1-23:0\">The Operator will deliver the Product to the Buyer by email to the address specified in the order.<\/li>\n<\/ul>\n<p data-sourcepos=\"24:1-24:26\"><strong>4. Delivery of Product<\/strong><\/p>\n<ul data-sourcepos=\"26:1-28:0\">\n<li data-sourcepos=\"26:1-26:72\">The Product is delivered to the Buyer by email within 2 days<\/li>\n<li data-sourcepos=\"27:1-28:0\">The Buyer is obliged to check the Product after its delivery.<\/li>\n<\/ul>\n<p data-sourcepos=\"29:1-29:24\"><strong>5. Product Complaint<\/strong><\/p>\n<ul data-sourcepos=\"31:1-34:0\">\n<li data-sourcepos=\"31:1-31:85\">The Buyer may complain about the Product within 30 days of its delivery.<\/li>\n<li data-sourcepos=\"32:1-32:91\">The Buyer can make a complaint about the Product by email to the address luko@xerix.eu<\/li>\n<li data-sourcepos=\"33:1-34:0\">The Operator undertakes to handle the complaint about the Product within 30 days.<\/li>\n<\/ul>\n<p data-sourcepos=\"35:1-35:21\"><strong>6. Product Return<\/strong><\/p>\n<ul data-sourcepos=\"37:1-38:0\">\n<li data-sourcepos=\"37:1-38:0\">Due to the nature of digital products purchased on xerix.eu, they cannot be returned. Once a product is downloaded or activated, it cannot be returned for a refund.<\/li>\n<\/ul>\n<p data-sourcepos=\"39:1-39:31\"><strong>7. Personal Data Protection<\/strong><\/p>\n<ul data-sourcepos=\"41:1-43:0\">\n<li data-sourcepos=\"41:1-41:111\">The Operator undertakes to protect the Buyer&#8217;s personal data in accordance with applicable legal regulations.<\/li>\n<li data-sourcepos=\"42:1-43:0\">The Buyer agrees to the processing of his personal data by the Operator.<\/li>\n<\/ul>\n<p data-sourcepos=\"44:1-44:23\"><strong>8. Final Provisions<\/strong><\/p>\n<ul data-sourcepos=\"46:1-49:0\">\n<li data-sourcepos=\"46:1-46:52\">.These T&amp;C are valid and effective from 7.3.2024<\/li>\n<li data-sourcepos=\"47:1-47:58\">The Operator reserves the right to change these T&amp;C.<\/li>\n<li data-sourcepos=\"48:1-49:0\">In case of any questions, the Buyer can contact the Operator by email at the address luko@xerix.eu<\/li><\/ul>\t\t\t\t\t\t<\/div>\n\t\t\t\t<\/div>\n\t\t\t\t\t<\/div>\n\t\t\t\t<\/div>\n\t\t\t\t<\/div>\n\t\t","protected":false},"excerpt":{"rendered":"<p>Terms and Conditions for xerix.eu website 1. General Provisions These terms and conditions (hereinafter referred to as the &#8220;T&amp;C&#8221;) govern the legal relationship between the operator of the website xerix.eu (hereinafter referred to as the &#8220;Operator&#8221;) and the buyer (hereinafter referred to as the &#8220;Buyer&#8221;) in connection with the purchase of digital products (hereinafter referred [&hellip;]<\/p>\n","protected":false},"author":1,"featured_media":0,"parent":0,"menu_order":0,"comment_status":"closed","ping_status":"closed","template":"","meta":{"footnotes":""},"class_list":["post-5303","page","type-page","status-publish","hentry","add-to-cart-ajax"],"jetpack_sharing_enabled":true,"_links":{"self":[{"href":"https:\/\/xerix.eu\/index.php?rest_route=\/wp\/v2\/pages\/5303","targetHints":{"allow":["GET"]}}],"collection":[{"href":"https:\/\/xerix.eu\/index.php?rest_route=\/wp\/v2\/pages"}],"about":[{"href":"https:\/\/xerix.eu\/index.php?rest_route=\/wp\/v2\/types\/page"}],"author":[{"embeddable":true,"href":"https:\/\/xerix.eu\/index.php?rest_route=\/wp\/v2\/users\/1"}],"replies":[{"embeddable":true,"href":"https:\/\/xerix.eu\/index.php?rest_route=%2Fwp%2Fv2%2Fcomments&post=5303"}],"version-history":[{"count":10,"href":"https:\/\/xerix.eu\/index.php?rest_route=\/wp\/v2\/pages\/5303\/revisions"}],"predecessor-version":[{"id":7121,"href":"https:\/\/xerix.eu\/index.php?rest_route=\/wp\/v2\/pages\/5303\/revisions\/7121"}],"wp:attachment":[{"href":"https:\/\/xerix.eu\/index.php?rest_route=%2Fwp%2Fv2%2Fmedia&parent=5303"}],"curies":[{"name":"wp","href":"https:\/\/api.w.org\/{rel}","templated":true}]}}